{"id":22,"date":"2015-05-20T21:50:58","date_gmt":"2015-05-20T21:50:58","guid":{"rendered":"http:\/\/www.regioimpex.ro\/?page_id=22"},"modified":"2022-03-09T16:54:53","modified_gmt":"2022-03-09T14:54:53","slug":"contact","status":"publish","type":"page","link":"https:\/\/regioimpex.ro\/en\/contact\/","title":{"rendered":"Contact"},"content":{"rendered":"\n<div class=\"wp-block-uagb-google-map uagb-google-map__wrap uagb-block-cc87cbe3\"><iframe class=\"uagb-google-map__iframe\" title=\"Google Map for Regio impex\" src=\"https:\/\/www.google.com\/maps\/embed\/v1\/place?key=AIzaSyAsd_d46higiozY-zNqtr7zdA81Soswje4&amp;q=Regio%20impex&amp;zoom=16&amp;language=en\" style=\"height:367px\"><\/iframe><\/div>\n\n\n\n<p><strong>14 Gr\u0103di\u015ftea Flore\u015ftilor Street<\/strong> <strong>020313<\/strong>, <strong>Bucharest Romania <\/strong><\/p>\n\n\n\n<ul><li>Phone: +40 21 224.66.34<\/li><li>Fax: +40 21 202.92.85<\/li><\/ul>\n\n\n\n<div class=\"wp-block-contact-form-7-contact-form-selector\"><div role=\"form\" class=\"wpcf7\" id=\"wpcf7-f3911-o1\" lang=\"ro-RO\" dir=\"ltr\">\n<div class=\"screen-reader-response\"><p role=\"status\" aria-live=\"polite\" aria-atomic=\"true\"><\/p> <ul><\/ul><\/div>\n<form action=\"\/en\/wp-json\/wp\/v2\/pages\/22#wpcf7-f3911-o1\" method=\"post\" class=\"wpcf7-form init\" novalidate=\"novalidate\" data-status=\"init\">\n<div style=\"display: none;\">\n<input type=\"hidden\" name=\"_wpcf7\" value=\"3911\" \/>\n<input type=\"hidden\" name=\"_wpcf7_version\" value=\"5.6.1\" \/>\n<input type=\"hidden\" name=\"_wpcf7_locale\" value=\"ro_RO\" \/>\n<input type=\"hidden\" name=\"_wpcf7_unit_tag\" value=\"wpcf7-f3911-o1\" \/>\n<input type=\"hidden\" name=\"_wpcf7_container_post\" value=\"0\" \/>\n<input type=\"hidden\" name=\"_wpcf7_posted_data_hash\" value=\"\" \/>\n<input type=\"hidden\" name=\"_wpcf7_recaptcha_response\" value=\"\" \/>\n<\/div>\n<p>Name (must fill)<br \/>\n    <span class=\"wpcf7-form-control-wrap\" data-name=\"your-name\"><input type=\"text\" name=\"your-name\" value=\"\" size=\"40\" class=\"wpcf7-form-control wpcf7-text wpcf7-validates-as-required\" aria-required=\"true\" aria-invalid=\"false\" \/><\/span> <\/p>\n<p>Email Address (must fill)<br \/>\n    <span class=\"wpcf7-form-control-wrap\" data-name=\"your-email\"><input type=\"email\" name=\"your-email\" value=\"\" size=\"40\" class=\"wpcf7-form-control wpcf7-text wpcf7-email wpcf7-validates-as-required wpcf7-validates-as-email\" aria-required=\"true\" aria-invalid=\"false\" \/><\/span> <\/p>\n<p>Subject<br \/>\n    <span class=\"wpcf7-form-control-wrap\" data-name=\"your-subject\"><input type=\"text\" name=\"your-subject\" value=\"\" size=\"40\" class=\"wpcf7-form-control wpcf7-text\" aria-invalid=\"false\" \/><\/span> <\/p>\n<p>Phone <br \/>\n<span class=\"wpcf7-form-control-wrap\" data-name=\"tel-600\"><input type=\"tel\" name=\"tel-600\" value=\"\" size=\"40\" class=\"wpcf7-form-control wpcf7-text wpcf7-tel wpcf7-validates-as-required wpcf7-validates-as-tel\" aria-required=\"true\" aria-invalid=\"false\" \/><\/span><\/p>\n<p>Nessage<br \/>\n    <span class=\"wpcf7-form-control-wrap\" data-name=\"your-message\"><textarea name=\"your-message\" cols=\"40\" rows=\"10\" class=\"wpcf7-form-control wpcf7-textarea\" aria-invalid=\"false\"><\/textarea><\/span> <\/p>\n<p><input type=\"submit\" value=\"Submit\" class=\"wpcf7-form-control has-spinner wpcf7-submit\" \/><\/p>\n<div class=\"wpcf7-response-output\" aria-hidden=\"true\"><\/div><\/form><\/div><\/div>\n","protected":false},"excerpt":{"rendered":"<p>14 Gr\u0103di\u015ftea Flore\u015ftilor Street 020313, Bucharest Romania Phone: +40 21 224.66.34 Fax: +40 21 202.92.85<\/p>\n","protected":false},"author":1,"featured_media":642,"parent":0,"menu_order":0,"comment_status":"closed","ping_status":"open","template":"","meta":{"inline_featured_image":false},"translation":{"provider":"WPGlobus","version":"2.10.1","language":"en","enabled_languages":["ro","en"],"languages":{"ro":{"title":true,"content":true,"excerpt":false},"en":{"title":true,"content":true,"excerpt":false}}},"yoast_head":"<!-- This site is optimized with the Yoast SEO plugin v19.3 - https:\/\/yoast.com\/wordpress\/plugins\/seo\/ -->\n<title>Contact - Regio Impex<\/title>\n<meta name=\"robots\" content=\"noindex, follow\" \/>\n<meta property=\"og:locale\" content=\"en_US\" \/>\n<meta property=\"og:type\" content=\"article\" \/>\n<meta property=\"og:title\" content=\"Contact - Regio Impex\" \/>\n<meta property=\"og:url\" content=\"https:\/\/regioimpex.ro\/contact\/\" \/>\n<meta property=\"og:site_name\" content=\"Regio Impex\" \/>\n<meta property=\"article:publisher\" content=\"https:\/\/ro-ro.facebook.com\/regioimpex.ro\/\" \/>\n<meta property=\"article:modified_time\" content=\"2022-03-09T14:54:53+00:00\" \/>\n<meta property=\"og:image\" content=\"https:\/\/regioimpex.ro\/wp-content\/uploads\/2018\/07\/contact-acrom-business-consultancy-300x219-1.jpg\" \/>\n\t<meta property=\"og:image:width\" content=\"300\" \/>\n\t<meta property=\"og:image:height\" content=\"219\" \/>\n\t<meta property=\"og:image:type\" content=\"image\/jpeg\" \/>\n<meta name=\"twitter:card\" content=\"summary_large_image\" \/>\n<meta name=\"twitter:label1\" content=\"Est. reading time\" \/>\n\t<meta name=\"twitter:data1\" content=\"1 minute\" \/>\n<script type=\"application\/ld+json\" class=\"yoast-schema-graph\">{\"@context\":\"https:\/\/schema.org\",\"@graph\":[{\"@type\":\"Organization\",\"@id\":\"https:\/\/regioimpex.ro\/#organization\",\"name\":\"Regio Impex\",\"url\":\"https:\/\/regioimpex.ro\/\",\"sameAs\":[\"https:\/\/ro-ro.facebook.com\/regioimpex.ro\/\"],\"logo\":{\"@type\":\"ImageObject\",\"inLanguage\":\"en-US\",\"@id\":\"https:\/\/regioimpex.ro\/#\/schema\/logo\/image\/\",\"url\":\"https:\/\/www.regioimpex.ro\/wp-content\/uploads\/2021\/06\/logo1.png\",\"contentUrl\":\"https:\/\/www.regioimpex.ro\/wp-content\/uploads\/2021\/06\/logo1.png\",\"width\":158,\"height\":28,\"caption\":\"Regio Impex\"},\"image\":{\"@id\":\"https:\/\/regioimpex.ro\/#\/schema\/logo\/image\/\"}},{\"@type\":\"WebSite\",\"@id\":\"https:\/\/regioimpex.ro\/#website\",\"url\":\"https:\/\/regioimpex.ro\/\",\"name\":\"Regio Impex\",\"description\":\"Fueling your dreams since 1991\",\"publisher\":{\"@id\":\"https:\/\/regioimpex.ro\/#organization\"},\"potentialAction\":[{\"@type\":\"SearchAction\",\"target\":{\"@type\":\"EntryPoint\",\"urlTemplate\":\"https:\/\/regioimpex.ro\/?s={search_term_string}\"},\"query-input\":\"required name=search_term_string\"}],\"inLanguage\":\"en-US\"},{\"@type\":\"ImageObject\",\"inLanguage\":\"en-US\",\"@id\":\"https:\/\/regioimpex.ro\/contact\/#primaryimage\",\"url\":\"https:\/\/regioimpex.ro\/wp-content\/uploads\/2018\/07\/contact-acrom-business-consultancy-300x219-1.jpg\",\"contentUrl\":\"https:\/\/regioimpex.ro\/wp-content\/uploads\/2018\/07\/contact-acrom-business-consultancy-300x219-1.jpg\",\"width\":300,\"height\":219},{\"@type\":\"WebPage\",\"@id\":\"https:\/\/regioimpex.ro\/contact\/\",\"url\":\"https:\/\/regioimpex.ro\/contact\/\",\"name\":\"Contact - Regio Impex\",\"isPartOf\":{\"@id\":\"https:\/\/regioimpex.ro\/#website\"},\"primaryImageOfPage\":{\"@id\":\"https:\/\/regioimpex.ro\/contact\/#primaryimage\"},\"datePublished\":\"2015-05-20T21:50:58+00:00\",\"dateModified\":\"2022-03-09T14:54:53+00:00\",\"breadcrumb\":{\"@id\":\"https:\/\/regioimpex.ro\/contact\/#breadcrumb\"},\"inLanguage\":\"en-US\",\"potentialAction\":[{\"@type\":\"ReadAction\",\"target\":[\"https:\/\/regioimpex.ro\/contact\/\"]}]},{\"@type\":\"BreadcrumbList\",\"@id\":\"https:\/\/regioimpex.ro\/contact\/#breadcrumb\",\"itemListElement\":[{\"@type\":\"ListItem\",\"position\":1,\"name\":\"Prima pagin\u0103\",\"item\":\"https:\/\/regioimpex.ro\/\"},{\"@type\":\"ListItem\",\"position\":2,\"name\":\"Contact\"}]}]}<\/script>\n<!-- \/ Yoast SEO plugin. -->","yoast_head_json":{"title":"Contact - Regio Impex","robots":{"index":"noindex","follow":"follow"},"og_locale":"en_US","og_type":"article","og_title":"Contact - Regio Impex","og_url":"https:\/\/regioimpex.ro\/contact\/","og_site_name":"Regio Impex","article_publisher":"https:\/\/ro-ro.facebook.com\/regioimpex.ro\/","article_modified_time":"2022-03-09T14:54:53+00:00","og_image":[{"width":300,"height":219,"url":"https:\/\/regioimpex.ro\/wp-content\/uploads\/2018\/07\/contact-acrom-business-consultancy-300x219-1.jpg","type":"image\/jpeg"}],"twitter_card":"summary_large_image","twitter_misc":{"Est. reading time":"1 minute"},"schema":{"@context":"https:\/\/schema.org","@graph":[{"@type":"Organization","@id":"https:\/\/regioimpex.ro\/#organization","name":"Regio Impex","url":"https:\/\/regioimpex.ro\/","sameAs":["https:\/\/ro-ro.facebook.com\/regioimpex.ro\/"],"logo":{"@type":"ImageObject","inLanguage":"en-US","@id":"https:\/\/regioimpex.ro\/#\/schema\/logo\/image\/","url":"https:\/\/www.regioimpex.ro\/wp-content\/uploads\/2021\/06\/logo1.png","contentUrl":"https:\/\/www.regioimpex.ro\/wp-content\/uploads\/2021\/06\/logo1.png","width":158,"height":28,"caption":"Regio Impex"},"image":{"@id":"https:\/\/regioimpex.ro\/#\/schema\/logo\/image\/"}},{"@type":"WebSite","@id":"https:\/\/regioimpex.ro\/#website","url":"https:\/\/regioimpex.ro\/","name":"Regio Impex","description":"Fueling your dreams since 1991","publisher":{"@id":"https:\/\/regioimpex.ro\/#organization"},"potentialAction":[{"@type":"SearchAction","target":{"@type":"EntryPoint","urlTemplate":"https:\/\/regioimpex.ro\/?s={search_term_string}"},"query-input":"required name=search_term_string"}],"inLanguage":"en-US"},{"@type":"ImageObject","inLanguage":"en-US","@id":"https:\/\/regioimpex.ro\/contact\/#primaryimage","url":"https:\/\/regioimpex.ro\/wp-content\/uploads\/2018\/07\/contact-acrom-business-consultancy-300x219-1.jpg","contentUrl":"https:\/\/regioimpex.ro\/wp-content\/uploads\/2018\/07\/contact-acrom-business-consultancy-300x219-1.jpg","width":300,"height":219},{"@type":"WebPage","@id":"https:\/\/regioimpex.ro\/contact\/","url":"https:\/\/regioimpex.ro\/contact\/","name":"Contact - Regio Impex","isPartOf":{"@id":"https:\/\/regioimpex.ro\/#website"},"primaryImageOfPage":{"@id":"https:\/\/regioimpex.ro\/contact\/#primaryimage"},"datePublished":"2015-05-20T21:50:58+00:00","dateModified":"2022-03-09T14:54:53+00:00","breadcrumb":{"@id":"https:\/\/regioimpex.ro\/contact\/#breadcrumb"},"inLanguage":"en-US","potentialAction":[{"@type":"ReadAction","target":["https:\/\/regioimpex.ro\/contact\/"]}]},{"@type":"BreadcrumbList","@id":"https:\/\/regioimpex.ro\/contact\/#breadcrumb","itemListElement":[{"@type":"ListItem","position":1,"name":"Prima pagin\u0103","item":"https:\/\/regioimpex.ro\/"},{"@type":"ListItem","position":2,"name":"Contact"}]}]}},"uagb_featured_image_src":{"full":["https:\/\/regioimpex.ro\/wp-content\/uploads\/2018\/07\/contact-acrom-business-consultancy-300x219-1.jpg",300,219,false],"thumbnail":["https:\/\/regioimpex.ro\/wp-content\/uploads\/2018\/07\/contact-acrom-business-consultancy-300x219-1-150x150.jpg",150,150,true],"medium":["https:\/\/regioimpex.ro\/wp-content\/uploads\/2018\/07\/contact-acrom-business-consultancy-300x219-1-300x219.jpg",300,219,true],"medium_large":["https:\/\/regioimpex.ro\/wp-content\/uploads\/2018\/07\/contact-acrom-business-consultancy-300x219-1.jpg",300,219,false],"large":["https:\/\/regioimpex.ro\/wp-content\/uploads\/2018\/07\/contact-acrom-business-consultancy-300x219-1.jpg",300,219,false],"1536x1536":["https:\/\/regioimpex.ro\/wp-content\/uploads\/2018\/07\/contact-acrom-business-consultancy-300x219-1.jpg",300,219,false],"2048x2048":["https:\/\/regioimpex.ro\/wp-content\/uploads\/2018\/07\/contact-acrom-business-consultancy-300x219-1.jpg",300,219,false],"post-thumbnail":["https:\/\/regioimpex.ro\/wp-content\/uploads\/2018\/07\/contact-acrom-business-consultancy-300x219-1.jpg",300,219,false],"one-page-express-full-hd":["https:\/\/regioimpex.ro\/wp-content\/uploads\/2018\/07\/contact-acrom-business-consultancy-300x219-1.jpg",300,219,false]},"uagb_author_info":{"display_name":"rgio","author_link":"https:\/\/regioimpex.ro\/en\/author\/rgio\/"},"uagb_comment_info":0,"uagb_excerpt":"14 Gr\u0103di\u015ftea Flore\u015ftilor Street 020313, Bucharest Romania Phone: +40 21 224.66.34 Fax: +40 21 202.92.85","_links":{"self":[{"href":"https:\/\/regioimpex.ro\/en\/wp-json\/wp\/v2\/pages\/22"}],"collection":[{"href":"https:\/\/regioimpex.ro\/en\/wp-json\/wp\/v2\/pages"}],"about":[{"href":"https:\/\/regioimpex.ro\/en\/wp-json\/wp\/v2\/types\/page"}],"author":[{"embeddable":true,"href":"https:\/\/regioimpex.ro\/en\/wp-json\/wp\/v2\/users\/1"}],"replies":[{"embeddable":true,"href":"https:\/\/regioimpex.ro\/en\/wp-json\/wp\/v2\/comments?post=22"}],"version-history":[{"count":27,"href":"https:\/\/regioimpex.ro\/en\/wp-json\/wp\/v2\/pages\/22\/revisions"}],"predecessor-version":[{"id":5156,"href":"https:\/\/regioimpex.ro\/en\/wp-json\/wp\/v2\/pages\/22\/revisions\/5156"}],"wp:featuredmedia":[{"embeddable":true,"href":"https:\/\/regioimpex.ro\/en\/wp-json\/wp\/v2\/media\/642"}],"wp:attachment":[{"href":"https:\/\/regioimpex.ro\/en\/wp-json\/wp\/v2\/media?parent=22"}],"curies":[{"name":"wp","href":"https:\/\/api.w.org\/{rel}","templated":true}]}}